{"id":173176,"date":"2026-03-18T10:04:55","date_gmt":"2026-03-18T10:04:55","guid":{"rendered":"https:\/\/bajkowygaraz.pl\/?page_id=173176"},"modified":"2026-04-17T22:12:48","modified_gmt":"2026-04-17T20:12:48","slug":"zabezpieczenie-roweru","status":"publish","type":"page","link":"https:\/\/bajkowygaraz.pl\/index.php\/zabezpieczenie-roweru\/","title":{"rendered":"Oklejanie roweru folia PPF \u2014 Bajkowy Garaz"},"content":{"rendered":"<div class=\"wpb-content-wrapper\"><p>[vc_row override_padding=&#8221;yes&#8221; h_padding=&#8221;0&#8243; top_padding=&#8221;0&#8243; bottom_padding=&#8221;0&#8243; gutter_size=&#8221;0&#8243; column_width_percent=&#8221;100&#8243; shift_y=&#8221;0&#8243; z_index=&#8221;0&#8243; uncode_shortcode_id=&#8221;ppf_css&#8221;][vc_column width=&#8221;1\/1&#8243; uncode_shortcode_id=&#8221;ppf_css_col&#8221;][vc_raw_html]PHN0eWxlIGlkPSJwYWdlLWNzcyI+OnJvb3R7LS1iOiMwMEI0RDg7LS1iZDojMDA5MEI4fSAuYmFja19jb2xvci1yZ2RiLFtjbGFzcyo9ImJhY2tfY29sb3ItcmdkYiJde2JhY2tncm91bmQ6IzAwQjREOCFpbXBvcnRhbnR9IC5idG4uYnRuLWNvbG9yLXJnZGJ7YmFja2dyb3VuZDojMDBCNEQ4IWltcG9ydGFudDtib3JkZXItY29sb3I6IzAwOTBCOCFpbXBvcnRhbnR9IC5idG4uYnRuLWNvbG9yLXJnZGI6aG92ZXJ7YmFja2dyb3VuZDojMDA5MEI4IWltcG9ydGFudDt0cmFuc2Zvcm06dHJhbnNsYXRlWSgtMnB4KX0gLmNvbG9yLXJnZGJ7Y29sb3I6IzAwQjREOCFpbXBvcnRhbnR9IC5sb2dvLXJlZ3VsYXIgaW1nLC5sb2dvLWZpeGVkIGltZ3ttYXgtaGVpZ2h0OjQ4cHghaW1wb3J0YW50O3dpZHRoOmF1dG8haW1wb3J0YW50fSAubWVudS1sb2dvLWggLmxvZ28tcmVndWxhciwubWVudS1sb2dvLWggLmxvZ28tZml4ZWR7cGFkZGluZzo4cHggMCFpbXBvcnRhbnR9IFtjbGFzcyo9InBwZi1wYWsiXT4udmNfY29sdW1uLWlubmVye2JvcmRlcjoxcHggc29saWQgcmdiYSgwLDE4MCwyMTYsLjMpO2JhY2tncm91bmQ6cmdiYSgyNTUsMjU1LDI1NSwuMDQpO3BhZGRpbmc6MzJweCFpbXBvcnRhbnQ7dHJhbnNpdGlvbjp0cmFuc2Zvcm0gLjNzIGVhc2UsYm94LXNoYWRvdyAuM3MgZWFzZX0gW2NsYXNzKj0icHBmLXBhayJdPi52Y19jb2x1bW4taW5uZXI6aG92ZXJ7dHJhbnNmb3JtOnRyYW5zbGF0ZVkoLTZweCk7Ym94LXNoYWRvdzowIDhweCAzMnB4IHJnYmEoMCwxODAsMjE2LC4yKX0gLnBwZi1hY2MgLndwYl9hY2NvcmRpb24gLndwYl9hY2NvcmRpb25fY29udGVudHtjb2xvcjojYjBjNGNlfSAucHBmLWFjYyAuYWNjLXByaWNle2NvbG9yOiMwMEI0RDg7Zm9udC1zaXplOjJyZW07Zm9udC13ZWlnaHQ6NzAwO2Rpc3BsYXk6YmxvY2s7bWFyZ2luLWJvdHRvbTo4cHh9IC5mb290LXJvd3tib3JkZXItdG9wOjFweCBzb2xpZCByZ2JhKDAsMCwwLC4wOCl9IC5mb290LXJvdyBhOmhvdmVye2NvbG9yOiMwMEI0RDghaW1wb3J0YW50O3RyYW5zaXRpb246Y29sb3IgLjJzfSBAbWVkaWEobWF4LXdpZHRoOjc2N3B4KXtbY2xhc3MqPSJwcGYtcGFrIl17bWFyZ2luLWJvdHRvbToyNHB4fX0gaHRtbHtzY3JvbGwtYmVoYXZpb3I6c21vb3RofTwvc3R5bGU+[\/vc_raw_html][\/vc_column][\/vc_row][vc_row unlock_row_content=&#8221;yes&#8221; row_height_percent=&#8221;100&#8243; override_padding=&#8221;yes&#8221; h_padding=&#8221;5&#8243; top_padding=&#8221;5&#8243; bottom_padding=&#8221;5&#8243; back_color=&#8221;color-nhtu&#8221; back_image=&#8221;77&#8243; back_position=&#8221;center center&#8221; overlay_color=&#8221;color-nhtu&#8221; overlay_alpha=&#8221;60&#8243; gutter_size=&#8221;3&#8243; column_width_percent=&#8221;100&#8243; shift_y=&#8221;0&#8243; z_index=&#8221;0&#8243; content_parallax=&#8221;3&#8243; content_parallax_safe=&#8221;yes&#8221; uncode_shortcode_id=&#8221;ppf_hero&#8221; back_color_type=&#8221;uncode-palette&#8221; overlay_color_type=&#8221;uncode-palette&#8221;][vc_column column_width_percent=&#8221;100&#8243; position_vertical=&#8221;bottom&#8221; gutter_size=&#8221;4&#8243; style=&#8221;dark&#8221; overlay_alpha=&#8221;50&#8243; shift_x=&#8221;0&#8243; shift_y=&#8221;0&#8243; shift_y_down=&#8221;0&#8243; z_index=&#8221;0&#8243; medium_width=&#8221;0&#8243; mobile_width=&#8221;0&#8243; width=&#8221;1\/1&#8243; uncode_shortcode_id=&#8221;ppf_hero_col&#8221;][vc_custom_heading text_color=&#8221;color-rgdb&#8221; heading_semantic=&#8221;p&#8221; text_font=&#8221;font-318713&#8243; text_size=&#8221;h6&#8243; text_weight=&#8221;400&#8243; uncode_shortcode_id=&#8221;ppf_hero_tag&#8221;]\u2733 Zabezpieczenie roweru[\/vc_custom_heading][vc_custom_heading text_color=&#8221;color-xsdn&#8221; heading_semantic=&#8221;h1&#8243; text_font=&#8221;font-318713&#8243; text_size=&#8221;custom&#8221; text_weight=&#8221;700&#8243; uncode_shortcode_id=&#8221;ppf_hero_h1&#8243; heading_custom_size=&#8221;clamp(40px,7vw,80px)&#8221;]Oklejenie roweru foli\u0105 PPF. Warto?[\/vc_custom_heading][vc_custom_heading text_color=&#8221;color-wvjs&#8221; heading_semantic=&#8221;p&#8221; text_font=&#8221;font-318713&#8243; text_size=&#8221;h5&#8243; text_weight=&#8221;400&#8243; uncode_shortcode_id=&#8221;ppf_hero_sub&#8221;]Je\u015bli tak jak ja, nale\u017cysz do grona os\u00f3b ceni\u0105cych sprz\u0119t utrzymany przez mo\u017cliwie najd\u0142u\u017cszy czas w stanie jak nowym \u2014 zabezpieczenie pozwoli Ci korzysta\u0107 z roweru bez strachu o uszkodzenia ramy i lakieru.[\/vc_custom_heading][vc_button button_color=&#8221;color-rgdb&#8221; radius=&#8221;0&#8243; border_width=&#8221;0&#8243; link=&#8221;url:https%3A%2F%2Fbajkowygaraz.pl%2Fkontakt%2F|title:Wycena%20gratis&#8221; uncode_shortcode_id=&#8221;ppf_hero_btn&#8221;]Um\u00f3w si\u0119 na zabezpieczenie[\/vc_button][\/vc_column][\/vc_row][vc_row override_padding=&#8221;yes&#8221; h_padding=&#8221;6&#8243; top_padding=&#8221;5&#8243; bottom_padding=&#8221;5&#8243; back_color=&#8221;color-xsdn&#8221; gutter_size=&#8221;4&#8243; column_width_percent=&#8221;100&#8243; shift_y=&#8221;0&#8243; z_index=&#8221;0&#8243; uncode_shortcode_id=&#8221;ppf_why&#8221; back_color_type=&#8221;uncode-palette&#8221;][vc_column column_width_percent=&#8221;100&#8243; gutter_size=&#8221;3&#8243; overlay_alpha=&#8221;50&#8243; shift_x=&#8221;0&#8243; shift_y=&#8221;0&#8243; shift_y_down=&#8221;0&#8243; z_index=&#8221;0&#8243; medium_width=&#8221;0&#8243; mobile_width=&#8221;0&#8243; width=&#8221;5\/12&#8243; uncode_shortcode_id=&#8221;ppf_why_col1&#8243;][vc_custom_heading text_color=&#8221;color-rgdb&#8221; heading_semantic=&#8221;p&#8221; text_font=&#8221;font-318713&#8243; text_size=&#8221;h6&#8243; text_weight=&#8221;400&#8243; uncode_shortcode_id=&#8221;ppf_why_lab&#8221;]Dlaczego PPF?[\/vc_custom_heading][vc_custom_heading text_color=&#8221;color-nhtu&#8221; text_font=&#8221;font-318713&#8243; text_size=&#8221;custom&#8221; text_weight=&#8221;700&#8243; uncode_shortcode_id=&#8221;ppf_why_h2&#8243; heading_custom_size=&#8221;clamp(28px,4vw,52px)&#8221;]Ochrona, kt\u00f3rej nie widzisz.[\/vc_custom_heading][vc_button button_color=&#8221;color-nhtu&#8221; radius=&#8221;0&#8243; border_width=&#8221;2&#8243; link=&#8221;url:https%3A%2F%2Fbajkowygaraz.pl%2Fkontakt%2F|title:Zapytaj%20o%20wycen%C4%99&#8243; uncode_shortcode_id=&#8221;ppf_why_btn&#8221;]Zapytaj o wycen\u0119[\/vc_button][\/vc_column][vc_column column_width_percent=&#8221;100&#8243; gutter_size=&#8221;3&#8243; overlay_alpha=&#8221;50&#8243; shift_x=&#8221;0&#8243; shift_y=&#8221;0&#8243; shift_y_down=&#8221;0&#8243; z_index=&#8221;0&#8243; medium_width=&#8221;0&#8243; mobile_width=&#8221;0&#8243; width=&#8221;7\/12&#8243; uncode_shortcode_id=&#8221;ppf_why_col2&#8243;][vc_column_text uncode_shortcode_id=&#8221;ppf_why_txt&#8221;]Folia PPF to przezroczysta warstwa poliuretanowa aplikowana bezpo\u015brednio na lakier roweru. Jest jedyn\u0105 form\u0105 fizycznej ochrony przed uszkodzeniami eksploatacyjnymi, transportowymi b\u0105d\u017a tymi, kt\u00f3rych genezy nie jeste\u015bmy w stanie wyt\u0142umaczy\u0107. Skutecznie zabezpiecza lakier przed otarciami, uderzeniami.<\/p>\n<p>Folia jest praktycznie niewidoczna na rowerze. Przezroczysta warstwa ochronna nie zmienia koloru ani wygl\u0105du lakieru, a dodatkowo posiada w\u0142a\u015bciwo\u015bci samoregeneracji drobnych rys pod wp\u0142ywem ciep\u0142a.[\/vc_column_text][\/vc_column][\/vc_row][vc_row override_padding=&#8221;yes&#8221; h_padding=&#8221;6&#8243; top_padding=&#8221;5&#8243; bottom_padding=&#8221;5&#8243; back_color=&#8221;color-nhtu&#8221; gutter_size=&#8221;3&#8243; column_width_percent=&#8221;100&#8243; shift_y=&#8221;0&#8243; z_index=&#8221;0&#8243; uncode_shortcode_id=&#8221;ppf_paks&#8221; back_color_type=&#8221;uncode-palette&#8221;][vc_column column_width_percent=&#8221;100&#8243; gutter_size=&#8221;3&#8243; style=&#8221;dark&#8221; overlay_alpha=&#8221;50&#8243; shift_x=&#8221;0&#8243; shift_y=&#8221;0&#8243; shift_y_down=&#8221;0&#8243; z_index=&#8221;0&#8243; medium_width=&#8221;0&#8243; mobile_width=&#8221;0&#8243; width=&#8221;1\/1&#8243; uncode_shortcode_id=&#8221;ppf_paks_col&#8221; css_classes=&#8221;ppf-acc&#8221;][vc_custom_heading text_color=&#8221;color-rgdb&#8221; heading_semantic=&#8221;p&#8221; text_font=&#8221;font-318713&#8243; text_size=&#8221;h6&#8243; text_weight=&#8221;400&#8243; uncode_shortcode_id=&#8221;ppf_paks_lab&#8221;]Pakiety ochrony[\/vc_custom_heading][vc_custom_heading text_color=&#8221;color-xsdn&#8221; text_font=&#8221;font-318713&#8243; text_size=&#8221;custom&#8221; text_weight=&#8221;700&#8243; uncode_shortcode_id=&#8221;ppf_paks_h2&#8243; heading_custom_size=&#8221;clamp(28px,4vw,52px)&#8221;]Wybierz zakres ochrony[\/vc_custom_heading][vc_custom_heading text_color=&#8221;color-wvjs&#8221; heading_semantic=&#8221;p&#8221; text_font=&#8221;font-318713&#8243; text_size=&#8221;h5&#8243; text_weight=&#8221;400&#8243; uncode_shortcode_id=&#8221;ppf_paks_sub&#8221;]Kazdy pakiet mozna rozszerzyc. Wycena indywidualna po przeslaniu zdject roweru.[\/vc_custom_heading][vc_accordion typography=&#8221;advanced&#8221; sign=&#8221;plus&#8221; sign_size=&#8221;sm&#8221; content_border=&#8221;yes&#8221; gutter_simple=&#8221;1&#8243; no_h_padding=&#8221;yes&#8221; titles_font=&#8221;font-318713&#8243; titles_size=&#8221;h3&#8243; titles_weight=&#8221;600&#8243; active_tab=&#8221;0&#8243; uncode_shortcode_id=&#8221;ppf_acc&#8221;][vc_accordion_tab gutter_size=&#8221;2&#8243; column_padding=&#8221;0&#8243; title=&#8221;STANDARD \u2014 od 400 zl&#8221; tab_id=&#8221;ppf-basic-1&#8243;][vc_column_text text_lead=&#8221;yes&#8221; uncode_shortcode_id=&#8221;ppf_t1&#8243;]Ochrona newralgicznych miejsc: glowka ramy, dolna rura, przebicia kabli, lancuchstay. Idealne dla roweru uzytkowego, ktory intensywnie korzystasz na co dzien.[\/vc_column_text][vc_single_image media=&#8221;173491&#8243; media_width_percent=&#8221;100&#8243; uncode_shortcode_id=&#8221;202339&#8243;][vc_button button_color=&#8221;color-rgdb&#8221; radius=&#8221;0&#8243; border_width=&#8221;0&#8243; link=&#8221;url:https%3A%2F%2Fbajkowygaraz.pl%2Fkontakt%2F|title:Zamow%20Basic&#8221; uncode_shortcode_id=&#8221;ppf_t1_btn&#8221;]Zamow pakiet Basic[\/vc_button][\/vc_accordion_tab][vc_accordion_tab gutter_size=&#8221;2&#8243; column_padding=&#8221;0&#8243; title=&#8221;ADVENCED \u2014 od 700 zl&#8221; tab_id=&#8221;ppf-full-2&#8243;][vc_column_text text_lead=&#8221;yes&#8221; uncode_shortcode_id=&#8221;ppf_t2&#8243;]Pelna ochrona ramy i widelca. Wykroje CNC dopasowane do Twojego modelu. Pokrycie 95-99% powierzchni. Samoregeneracja. Polecane dla rowerow premium i aktywnych cyklistow.[\/vc_column_text][vc_single_image media=&#8221;173492&#8243; media_width_percent=&#8221;100&#8243; uncode_shortcode_id=&#8221;202339&#8243;][vc_button button_color=&#8221;color-rgdb&#8221; radius=&#8221;0&#8243; border_width=&#8221;0&#8243; link=&#8221;url:https%3A%2F%2Fbajkowygaraz.pl%2Fkontakt%2F|title:Zamow%20Full&#8221; uncode_shortcode_id=&#8221;ppf_t2_btn&#8221;]Zamow pakiet Full[\/vc_button][\/vc_accordion_tab][vc_accordion_tab gutter_size=&#8221;2&#8243; column_padding=&#8221;0&#8243; title=&#8221;PRO \u2014 od 1200 z\u0142&#8221; tab_id=&#8221;ppf-premium-3&#8243;][vc_column_text text_lead=&#8221;yes&#8221; uncode_shortcode_id=&#8221;ppf_t3&#8243;]Rama + widelec + kluczowe komponenty: widelec, wahacz, lancuchy, korba. Dla rowerow 10 000 zl+. Kazdy projekt wyceniany indywidualnie po przeslaniu zdject i specyfikacji roweru.[\/vc_column_text][vc_single_image media=&#8221;173493&#8243; media_width_percent=&#8221;100&#8243; uncode_shortcode_id=&#8221;202339&#8243;][vc_button button_color=&#8221;color-rgdb&#8221; radius=&#8221;0&#8243; border_width=&#8221;0&#8243; link=&#8221;url:https%3A%2F%2Fbajkowygaraz.pl%2Fkontakt%2F|title:Zamow%20Premium&#8221; uncode_shortcode_id=&#8221;ppf_t3_btn&#8221;]Zapytaj o Premium[\/vc_button][vc_column_text uncode_shortcode_id=&#8221;145131&#8243;]<b>R<\/b><strong>ama + widelec + komponenty.<\/strong>&nbsp;Do Advanced dochodzi ochrona klamkomanetek, korb i bocznych powierzchni. Pokrycie 95\u201399%.<\/p>\n<p>Polecane dla rowerow od 8000 zl.[\/vc_column_text][\/vc_accordion_tab][vc_accordion_tab gutter_size=&#8221;2&#8243; column_padding=&#8221;0&#8243; title=&#8221;ABSOLUTE \u2014 wycena indywidualna&#8221; tab_id=&#8221;ppf-premium-32&#8243;][vc_column_text text_lead=&#8221;yes&#8221; uncode_shortcode_id=&#8221;ppf_t3&#8243;]Rama + widelec + kluczowe komponenty: widelec, wahacz, lancuchy, korba. Dla rowerow 10 000 zl+. Kazdy projekt wyceniany indywidualnie po przeslaniu zdject i specyfikacji roweru.[\/vc_column_text][vc_single_image media=&#8221;173494&#8243; media_width_percent=&#8221;100&#8243; uncode_shortcode_id=&#8221;202339&#8243;][vc_button button_color=&#8221;color-rgdb&#8221; radius=&#8221;0&#8243; border_width=&#8221;0&#8243; link=&#8221;url:https%3A%2F%2Fbajkowygaraz.pl%2Fkontakt%2F|title:Zamow%20Premium&#8221; uncode_shortcode_id=&#8221;ppf_t3_btn&#8221;]Zapytaj o Premium[\/vc_button][\/vc_accordion_tab][\/vc_accordion][\/vc_column][\/vc_row][vc_row override_padding=&#8221;yes&#8221; h_padding=&#8221;5&#8243; top_padding=&#8221;5&#8243; bottom_padding=&#8221;5&#8243; back_color=&#8221;color-xsdn&#8221; gutter_size=&#8221;3&#8243; column_width_percent=&#8221;100&#8243; shift_y=&#8221;0&#8243; z_index=&#8221;0&#8243; uncode_shortcode_id=&#8221;ppf_gal&#8221; back_color_type=&#8221;uncode-palette&#8221;][vc_column column_width_percent=&#8221;100&#8243; gutter_size=&#8221;3&#8243; overlay_alpha=&#8221;50&#8243; shift_x=&#8221;0&#8243; shift_y=&#8221;0&#8243; shift_y_down=&#8221;0&#8243; z_index=&#8221;0&#8243; position_vertical=&#8221;middle&#8221; medium_width=&#8221;0&#8243; mobile_width=&#8221;0&#8243; width=&#8221;7\/12&#8243; uncode_shortcode_id=&#8221;ppf_gal_l&#8221;][vc_custom_heading heading_semantic=&#8221;p&#8221; text_font=&#8221;font-318713&#8243; text_size=&#8221;h6&#8243; text_weight=&#8221;400&#8243; text_color=&#8221;color-rgdb&#8221; uncode_shortcode_id=&#8221;ppf_gal_lab&#8221;]Realizacje[\/vc_custom_heading][vc_custom_heading heading_semantic=&#8221;h2&#8243; text_font=&#8221;font-318713&#8243; text_size=&#8221;custom&#8221; text_weight=&#8221;700&#8243; text_color=&#8221;color-nhtu&#8221; uncode_shortcode_id=&#8221;ppf_gal_h2&#8243; heading_custom_size=&#8221;clamp(26px,3.5vw,48px)&#8221;]Oklejanie PPF w naszym wykonaniu[\/vc_custom_heading][vc_column_text text_lead=&#8221;yes&#8221; uncode_shortcode_id=&#8221;ppf_gal_p&#8221;]Kazda folia PPF to unikalne wyzwanie \u2014 inny rower, inny model, inny zakres. Sprawdz efekty naszych realizacji w galerii.[\/vc_column_text][vc_button button_color=&#8221;color-nhtu&#8221; border_width=&#8221;0&#8243; radius=&#8221;0&#8243; link=&#8221;url:https%3A%2F%2Fbajkowygaraz.pl%2Frealizacje%2F&#8221; uncode_shortcode_id=&#8221;ppf_gal_btn&#8221;]Przejdz do galerii[\/vc_button][\/vc_column][vc_column column_width_percent=&#8221;100&#8243; gutter_size=&#8221;3&#8243; overlay_alpha=&#8221;50&#8243; shift_x=&#8221;0&#8243; shift_y=&#8221;0&#8243; shift_y_down=&#8221;0&#8243; z_index=&#8221;0&#8243; position_vertical=&#8221;middle&#8221; medium_width=&#8221;0&#8243; mobile_width=&#8221;0&#8243; width=&#8221;5\/12&#8243; uncode_shortcode_id=&#8221;ppf_gal_r&#8221;][vc_column_text uncode_shortcode_id=&#8221;ppf_gal_stats&#8221;]<\/p>\n<div style=\"display:flex;flex-direction:column;gap:24px\">\n<div style=\"border-left:3px solid #00B4D8;padding-left:20px\">\n<p style=\"font-size:clamp(32px,4vw,48px);font-weight:700;color:#1a1a2e;margin:0;line-height:1\">200+<\/p>\n<p style=\"color:#888;margin:4px 0 0;font-size:14px\">zrealizowanych projektow<\/p>\n<\/div>\n<div style=\"border-left:3px solid #00B4D8;padding-left:20px\">\n<p style=\"font-size:clamp(32px,4vw,48px);font-weight:700;color:#1a1a2e;margin:0;line-height:1\">5\u2605<\/p>\n<p style=\"color:#888;margin:4px 0 0;font-size:14px\">srednia ocen klientow<\/p>\n<\/div>\n<\/div>\n<p>[\/vc_column_text][\/vc_column][\/vc_row][vc_row unlock_row_content=&#8221;yes&#8221; row_height_percent=&#8221;60&#8243; override_padding=&#8221;yes&#8221; h_padding=&#8221;5&#8243; top_padding=&#8221;5&#8243; bottom_padding=&#8221;5&#8243; back_color=&#8221;color-nhtu&#8221; back_image=&#8221;77&#8243; back_position=&#8221;center center&#8221; overlay_color=&#8221;color-nhtu&#8221; overlay_alpha=&#8221;75&#8243; gutter_size=&#8221;3&#8243; column_width_percent=&#8221;100&#8243; shift_y=&#8221;0&#8243; z_index=&#8221;0&#8243; content_parallax=&#8221;2&#8243; content_parallax_safe=&#8221;yes&#8221; uncode_shortcode_id=&#8221;ppf_cta&#8221; back_color_type=&#8221;uncode-palette&#8221; overlay_color_type=&#8221;uncode-palette&#8221;][vc_column column_width_percent=&#8221;100&#8243; position_vertical=&#8221;middle&#8221; align_horizontal=&#8221;align_center&#8221; gutter_size=&#8221;3&#8243; style=&#8221;dark&#8221; overlay_alpha=&#8221;50&#8243; shift_x=&#8221;0&#8243; shift_y=&#8221;0&#8243; shift_y_down=&#8221;0&#8243; z_index=&#8221;0&#8243; medium_width=&#8221;0&#8243; mobile_width=&#8221;0&#8243; width=&#8221;1\/1&#8243; uncode_shortcode_id=&#8221;ppf_cta_col&#8221;][vc_custom_heading text_color=&#8221;color-xsdn&#8221; text_font=&#8221;font-318713&#8243; text_size=&#8221;custom&#8221; text_weight=&#8221;700&#8243; uncode_shortcode_id=&#8221;ppf_cta_h&#8221; heading_custom_size=&#8221;clamp(32px,5vw,64px)&#8221; text_align=&#8221;center&#8221;]Gotowy na ochrone swojego roweru?[\/vc_custom_heading][vc_custom_heading text_color=&#8221;color-wvjs&#8221; heading_semantic=&#8221;p&#8221; text_font=&#8221;font-318713&#8243; text_size=&#8221;h5&#8243; text_weight=&#8221;400&#8243; uncode_shortcode_id=&#8221;ppf_cta_p&#8221; text_align=&#8221;center&#8221;]Przeslij zdjecia roweru \u2014 bezplatna wycena w ciagu 24h. Odbiore rower z calej Polski.[\/vc_custom_heading][vc_button button_color=&#8221;color-rgdb&#8221; radius=&#8221;0&#8243; border_width=&#8221;0&#8243; link=&#8221;url:https%3A%2F%2Fbajkowygaraz.pl%2Fkontakt%2F|title:Wycena%20gratis&#8221; uncode_shortcode_id=&#8221;ppf_cta_btn&#8221;]Wyslij zapytanie[\/vc_button][\/vc_column][\/vc_row]<br \/>\n[uncode_block id=&#8221;173499&#8243;]<\/p>\n<\/div>","protected":false},"excerpt":{"rendered":"<p>Oklejanie roweru folia PPF \u2014 przezroczysta, samoregenerujaca folia ochronna klasy motoryzacyjnej. Pakiety od 400 zl. Odbior roweru z calej Polski.<\/p>\n","protected":false},"author":2,"featured_media":0,"parent":0,"menu_order":0,"comment_status":"closed","ping_status":"closed","template":"","meta":{"footnotes":""},"class_list":["post-173176","page","type-page","status-publish","hentry"],"_links":{"self":[{"href":"https:\/\/bajkowygaraz.pl\/index.php\/wp-json\/wp\/v2\/pages\/173176","targetHints":{"allow":["GET"]}}],"collection":[{"href":"https:\/\/bajkowygaraz.pl\/index.php\/wp-json\/wp\/v2\/pages"}],"about":[{"href":"https:\/\/bajkowygaraz.pl\/index.php\/wp-json\/wp\/v2\/types\/page"}],"author":[{"embeddable":true,"href":"https:\/\/bajkowygaraz.pl\/index.php\/wp-json\/wp\/v2\/users\/2"}],"replies":[{"embeddable":true,"href":"https:\/\/bajkowygaraz.pl\/index.php\/wp-json\/wp\/v2\/comments?post=173176"}],"version-history":[{"count":39,"href":"https:\/\/bajkowygaraz.pl\/index.php\/wp-json\/wp\/v2\/pages\/173176\/revisions"}],"predecessor-version":[{"id":173516,"href":"https:\/\/bajkowygaraz.pl\/index.php\/wp-json\/wp\/v2\/pages\/173176\/revisions\/173516"}],"wp:attachment":[{"href":"https:\/\/bajkowygaraz.pl\/index.php\/wp-json\/wp\/v2\/media?parent=173176"}],"curies":[{"name":"wp","href":"https:\/\/api.w.org\/{rel}","templated":true}]}}